{"id":314,"date":"2025-08-26T13:06:35","date_gmt":"2025-08-26T12:06:35","guid":{"rendered":"https:\/\/armdesign.agency\/projekti\/rok\/TBS24\/?page_id=314"},"modified":"2025-11-21T13:02:41","modified_gmt":"2025-11-21T12:02:41","slug":"varstvo-osebnih-podatkov","status":"publish","type":"page","link":"https:\/\/armdesign.agency\/projekti\/rok\/TBS24\/varstvo-osebnih-podatkov\/","title":{"rendered":"Varstvo osebnih podatkov"},"content":{"rendered":"<style>h3 {color: white;} a {color: white; text-decoration: underline !important; font-weight: 700}<\/style>\n<h3>Informacije o obdelavi osebnih podatkov<\/h3>\n<p>Ker nam va\u0161a zasebnost veliko pomeni, skrbno varujemo vse osebne podatke, ki jih delite z nami in vedno jasno povemo, na kak\u0161en na\u010din obdelujemo va\u0161e osebne podatke.<\/p>\n<p>V tem dokumentu opisujemo, kako uporabljamo in obdelujemo va\u0161e osebne podatke. Tukaj pa tudi najdete navodila o tem, kako nas kontaktirati v primeru vpra\u0161anj o osebnih podatkih. Na ta vpra\u0161anja bomo z veseljem odgovorili.<\/p>\n<p>\u010ce ste na\u0161e storitve \u017ee uporabljali, najbr\u017e veste, da TBS Team 24 ponuja naro\u010dnikom prijazne storitve, ki so enostavne za uporabo. Na\u0161e podjetje se je iz dru\u017ebe, ki je bila usmerjena v organizacijo pomo\u010di gospodarskim vozilom, preobrazilo v center za univerzalno pomo\u010d, ki je osredoto\u010den na inovacije in razvoj storitev pomo\u010di. V tem celotnem obdobju nam je besedo \u00bbstoritev\u00ab uspelo povzdigniti v vi\u0161ave. V okviru na\u0161ih storitev vam zagotavljamo zdravstveno asistenco z na\u0161o trajno in zanesljivo mre\u017eo izvajalcev zdravstvenih storitev. Pomagamo vam pri te\u017eavah na cesti z na\u0161o storitvijo Pomo\u010d na cesti. Poskrbimo za pomo\u010d na domu ter poskrbimo za pomo\u010d na\u0161im strankam. Smo asistencna platforma, ki je dosegljiva 24 ur na dan, 7 dni na teden. Sodelujemo le z zanesljivimi partnerji.<\/p>\n<h3>\u010ce ste obiskovalec spletne strani<\/h3>\n<p>\u010ce le obi\u0161\u010dete na\u0161o spletno stran, va\u0161ih osebnih podatkov ne zbiramo, razen \u010de nam dovolite uporabo pi\u0161kotkov.<\/p>\n<h3>\u010ce se prijavite na prejemanje novic<\/h3>\n<p>Podatke, ki jih vnesete, uporabljamo za to, da vam posredujemo novice. Za potrebe dokazovanja osebne privolitve hranimo podatek o naslovu spletne strani, na kateri je bila dana privolitev ter va\u0161em IP naslovu, ko ste dali privolitev, in \u010das privolitve ter druga sporo\u010dila, ki nam jih boste poslali za izvr\u0161evanje va\u0161ih pravic v zvezi z varstvom osebnih podatkov. Za namene spremljanja odjav in omejitev obdelave bomo zbirali datum odjave oziroma omejitve obdelave ter elektronska sporo\u010dila, s katerimi ste bili obve\u0161\u010deni o odjavi, in druga sporo\u010dila, povezana z izvr\u0161evanjem va\u0161ih pravic v zvezi z varstvom osebnih podatkov.<\/p>\n<p>Imate pravico, da se od elektronskih novic in obvestil oziroma vabil na dogodke kadarkoli odjavite oziroma prekli\u010dete va\u0161o privolitev.<\/p>\n<p>Z vsakim sporo\u010dilom, ki bo vseboval novico, obvestilo ali vabilo, bomo poslali tudi povezavo na spletno stran z enostavno odjavo oziroma preklicem privolitve, va\u0161 preklic privolitve pa lahko vedno sporo\u010dite tudi na elektronski naslov <a href=\"mailto:office@tbs-team24.com\">office@tbs-team24.com<\/a>.<\/p>\n<h3>\u010ce se prijavite za zaposlitev<\/h3>\n<p>Podatke, ki jih vnesete, uporabljamo za to, da ocenimo, ali ste primerni za delovno mesto in za komunikacijo v izbirnem postopku. Va\u0161e podatke hranimo do zaklju\u010dka izbirnega postopka, v primeru, da se zaposlite pri nas, pa trajno. V primeru, da nam po\u0161ljete prijavo, ki ni vezana na razpisano delovno mesto, va\u0161e podatke hranimo 1 leto od prejema, razen \u010de nam prej sporo\u010dite, da \u017eelite, da va\u0161e podatke izbri\u0161emo.<\/p>\n<p>Za potrebe dokazovanja hranimo podatek o naslovu spletne strani, na kateri ste oddali prijavo, ter va\u0161em IP naslovu, ko ste oddali prijavo, in \u010das prijave ter druga sporo\u010dila, ki nam jih boste poslali za izvr\u0161evanje va\u0161ih pravic v zvezi z varstvom osebnih podatkov.<\/p>\n<h3>\u010ce nam pi\u0161ete za partnerstvo<\/h3>\n<p>Podatke, ki jih vnesete, uporabljamo za to, da z vami stopimo v kontakt z namenom dogovora o poslovnem sodelovanju.<\/p>\n<p>Za potrebe dokazovanja hranimo podatek o naslovu spletne strani, na kateri ste oddali prijavo, ter va\u0161em IP naslovu, ko ste oddali prijavo, in \u010das prijave ter druga sporo\u010dila, ki nam jih boste poslali za izvr\u0161evanje va\u0161ih pravic v zvezi z varstvom osebnih podatkov.<\/p>\n<h3>\u010ce ste upravi\u010deni do na\u0161ih storitev<\/h3>\n<p>V teh primerih obi\u010dajno prejmemo podatke, ki so potrebni za ugotovitev va\u0161e upravi\u010denosti do storitve, od va\u0161e zavarovalnice (npr. \u0161tevilko police, ime in priimek ali \u010dlansko \u0161tevilko). Katere podatke prejmemo, je odvisno od va\u0161e zavarovalnice.<\/p>\n<p>Podatke, ki jih potrebujemo za to, da organiziramo ali izvedemo storitev, do katere ste upravi\u010deni, nam v\u010dasih posreduje zavarovalnica ali klicni center zavarovalnice, v\u010dasih pa nam jih posredujete neposredno sami, ko zahtevate storitev (npr. kaj se vam je zgodilo in kako vam lahko pomagamo, lokacijo, kjer potrebujete storitev, kontaktno telefonsko \u0161tevilko). Kadar je to potrebno za organizacijo ali izvedbo storitev, nekatere va\u0161e podatke posredujemo potrebnim izvajalcem (npr. vle\u010dni slu\u017ebi ali serviserju). To v primerih, ko potrebujete na\u0161e storitve v tujini, pomeni, da va\u0161e osebne podatke posredujemo izvajalcem v tujini, kjer so predpisi s podro\u010dja varstva osebnih podatkov lahko druga\u010dni kot v Evropski uniji.<\/p>\n<p>Po opravljeni storitvi podatke o tem, katere storitve smo vam zagotovili, posredujemo va\u0161i zavarovalnici, pri \u010demer obseg podatkov dolo\u010da zavarovalnica. Te podatke obi\u010dajno prejme tudi oseba, ki vas je zavarovala, \u010de se niste zavarovali sami.<\/p>\n<p>Podatke o izvedeni storitvi obi\u010dajno hranimo \u0161e 2 leti od izvedbe storitve, razen \u010de zavarovalnica od nas zahteva dalj\u0161i rok hrambe, vendar ne dlje kot 5 let.<\/p>\n<h3>Drugi primeri obdelave osebnih podatkov<\/h3>\n<p>Osebne podatke obdelujemo tudi za potrebe prepre\u010devanja zlorab, re\u0161evanje pravnih sporov, zagotavljanje skladnosti poslovanja s predpisi in odlo\u010ditvami nadzornih organov.<\/p>\n<h3>Kontaktni podatki<\/h3>\n<p>Upravljavec osebnih podatkov je: TBS TEAM 24 d.o.o., Ulica Eve Lov\u0161e 7, SI \u2013 2000 MARIBOR <a href=\"mailto:office@tbs-team24.com\">office@tbs-team24.com<\/a> Poobla\u0161\u010dena oseba za varstvo podatkov: <a href=\"mailto:dpo@tbs-team24.com\">dpo@tbs-team24.com<\/a><\/p>\n<h3>Va\u0161e pravice v zvezi z obdelavo osebnih podatkov<\/h3>\n<p>Svoje pravice lahko uveljavljate tako, da nam pi\u0161ete na naslov: <a href=\"mailto:office@tbs-team24.com\">office@tbs-team24.com<\/a>.<\/p>\n<p>Zahtevate lahko dostop do osebnih podatkov, ki se nana\u0161ajo na vas. \u010ce ugotovite, da so neto\u010dni, lahko zahtevate popravek in v zvezi s tem omejitev obdelave, dokler ni izveden popravek.<\/p>\n<p>Pravice vklju\u010dujejo tudi zahtevo za izbris podatkov, vendar vam ne bomo mogli ugoditi v vsakem primeru (kadar moramo podatke hraniti v skladu z zakonom ali na podlagi pogodbe, jih ne bomo mogli izbrisati).<\/p>\n<p>Kadar obdelujemo podatke na podlagi zakonitega interesa, lahko ugovarjate tak\u0161ni obdelavi, vendar vam tudi v teh primerih ne bomo mogli ugoditi v vsakem primeru (npr. kadar bi prevladal interes tretjega).<\/p>\n<p>Posebna pravica posameznika, na katerega se nana\u0161ajo osebni podatki, je tudi pravica do prenosljivosti. Gre za to, da podatke prejmete v odprtem strojno berljivem formatu (na primer .csv) ali zahtevate, da jih v tak\u0161nem formatu posredujemo komu tretjemu. Ta pravica se nana\u0161a le na primere, ko je temelj za obdelavo privolitev ali pogodba, ki smo jo sklenili neposredno z vami.<\/p>\n<p>Kadar obdelujemo podatke na podlagi va\u0161e privolitve (npr. ko se prijavite na novice), lahko tak\u0161no privolitev kadarkoli prekli\u010dete, vendar to ne bo imelo vpliva na zakonitost obdelave pred va\u0161im preklicem.<\/p>\n<p>Kadarkoli imate pravico, da vlo\u017eite prito\u017ebo pri dr\u017eavnem nadzornem organu za varstvo osebnih podatkov. V Republiki Sloveniji je to Informacijski poobla\u0161\u010denec RS.<\/p>\n<h3>Pravni temelji za obdelavo osebnih podatkov<\/h3>\n<p>Pravni temelji za obdelavo osebnih podatkov so to\u010dke a, b, c, d in f \u010dlena 6(1) Splo\u0161ne uredbe (EU) o varstvu podatkov.<\/p>\n","protected":false},"excerpt":{"rendered":"<p>Informacije o obdelavi osebnih podatkov Ker nam va\u0161a zasebnost veliko pomeni, skrbno varujemo vse osebne podatke, ki jih delite z nami in vedno jasno povemo, na kak\u0161en na\u010din obdelujemo va\u0161e osebne podatke. V tem dokumentu opisujemo, kako uporabljamo in obdelujemo va\u0161e osebne podatke. Tukaj pa tudi najdete navodila o tem, kako nas kontaktirati v primeru [&hellip;]<\/p>\n","protected":false},"author":2,"featured_media":0,"parent":0,"menu_order":0,"comment_status":"closed","ping_status":"closed","template":"pravno-obvestilo.php","meta":{"_acf_changed":false,"footnotes":""},"class_list":["post-314","page","type-page","status-publish","hentry"],"acf":[],"_links":{"self":[{"href":"https:\/\/armdesign.agency\/projekti\/rok\/TBS24\/wp-json\/wp\/v2\/pages\/314","targetHints":{"allow":["GET"]}}],"collection":[{"href":"https:\/\/armdesign.agency\/projekti\/rok\/TBS24\/wp-json\/wp\/v2\/pages"}],"about":[{"href":"https:\/\/armdesign.agency\/projekti\/rok\/TBS24\/wp-json\/wp\/v2\/types\/page"}],"author":[{"embeddable":true,"href":"https:\/\/armdesign.agency\/projekti\/rok\/TBS24\/wp-json\/wp\/v2\/users\/2"}],"replies":[{"embeddable":true,"href":"https:\/\/armdesign.agency\/projekti\/rok\/TBS24\/wp-json\/wp\/v2\/comments?post=314"}],"version-history":[{"count":12,"href":"https:\/\/armdesign.agency\/projekti\/rok\/TBS24\/wp-json\/wp\/v2\/pages\/314\/revisions"}],"predecessor-version":[{"id":400,"href":"https:\/\/armdesign.agency\/projekti\/rok\/TBS24\/wp-json\/wp\/v2\/pages\/314\/revisions\/400"}],"wp:attachment":[{"href":"https:\/\/armdesign.agency\/projekti\/rok\/TBS24\/wp-json\/wp\/v2\/media?parent=314"}],"curies":[{"name":"wp","href":"https:\/\/api.w.org\/{rel}","templated":true}]}}